{"id":759,"date":"2024-02-29T10:55:29","date_gmt":"2024-02-29T09:55:29","guid":{"rendered":"https:\/\/condevauxtp-perrignier.fr\/?page_id=759"},"modified":"2026-02-23T15:45:53","modified_gmt":"2026-02-23T14:45:53","slug":"contact","status":"publish","type":"page","link":"https:\/\/condevauxtp-perrignier.fr\/index.php\/contact\/","title":{"rendered":"Contact"},"content":{"rendered":"\t\t<div data-elementor-type=\"wp-post\" data-elementor-id=\"759\" class=\"elementor elementor-759\">\n\t\t\t\t\t\t<section class=\"elementor-section elementor-top-section elementor-element elementor-element-dd09fe3 elementor-section-boxed elementor-section-height-default elementor-section-height-default\" data-id=\"dd09fe3\" data-element_type=\"section\" data-e-type=\"section\" data-settings=\"{&quot;background_background&quot;:&quot;classic&quot;}\">\n\t\t\t\t\t\t\t<div class=\"elementor-background-overlay\"><\/div>\n\t\t\t\t\t\t\t<div class=\"elementor-container elementor-column-gap-default\">\n\t\t\t\t\t<div class=\"elementor-column elementor-col-100 elementor-top-column elementor-element elementor-element-1cf99fc\" data-id=\"1cf99fc\" data-element_type=\"column\" data-e-type=\"column\">\n\t\t\t<div class=\"elementor-widget-wrap elementor-element-populated\">\n\t\t\t\t\t\t<section class=\"elementor-section elementor-inner-section elementor-element elementor-element-7b104c3 elementor-section-boxed elementor-section-height-default elementor-section-height-default\" data-id=\"7b104c3\" data-element_type=\"section\" data-e-type=\"section\">\n\t\t\t\t\t\t<div class=\"elementor-container elementor-column-gap-no\">\n\t\t\t\t\t<div class=\"elementor-column elementor-col-50 elementor-inner-column elementor-element elementor-element-9b19e21\" data-id=\"9b19e21\" data-element_type=\"column\" data-e-type=\"column\">\n\t\t\t<div class=\"elementor-widget-wrap elementor-element-populated\">\n\t\t\t\t\t\t<div class=\"elementor-element elementor-element-9f4a97b elementor-widget elementor-widget-heading\" data-id=\"9f4a97b\" data-element_type=\"widget\" data-e-type=\"widget\" data-widget_type=\"heading.default\">\n\t\t\t\t<div class=\"elementor-widget-container\">\n\t\t\t\t\t<h2 class=\"elementor-heading-title elementor-size-default\">Pr\u00eats \u00e0 donner vie \u00e0 votre projet ? <\/h2>\t\t\t\t<\/div>\n\t\t\t\t<\/div>\n\t\t\t\t<div class=\"elementor-element elementor-element-606c8e7 elementor-widget elementor-widget-text-editor\" data-id=\"606c8e7\" data-element_type=\"widget\" data-e-type=\"widget\" data-widget_type=\"text-editor.default\">\n\t\t\t\t<div class=\"elementor-widget-container\">\n\t\t\t\t\t\t\t\t\t<p>Contactez-nous d\u00e8s aujourd&rsquo;hui pour b\u00e9n\u00e9ficier de l&rsquo;expertise et du d\u00e9vouement de l&rsquo;\u00e9quipe Condevaux Terrassement.<\/p>\t\t\t\t\t\t\t\t<\/div>\n\t\t\t\t<\/div>\n\t\t\t\t<div class=\"elementor-element elementor-element-35cc8a1 elementor-widget elementor-widget-spacer\" data-id=\"35cc8a1\" data-element_type=\"widget\" data-e-type=\"widget\" data-widget_type=\"spacer.default\">\n\t\t\t\t<div class=\"elementor-widget-container\">\n\t\t\t\t\t\t\t<div class=\"elementor-spacer\">\n\t\t\t<div class=\"elementor-spacer-inner\"><\/div>\n\t\t<\/div>\n\t\t\t\t\t\t<\/div>\n\t\t\t\t<\/div>\n\t\t\t\t\t<\/div>\n\t\t<\/div>\n\t\t\t\t<div class=\"elementor-column elementor-col-25 elementor-inner-column elementor-element elementor-element-e7b9066\" data-id=\"e7b9066\" data-element_type=\"column\" data-e-type=\"column\">\n\t\t\t<div class=\"elementor-widget-wrap\">\n\t\t\t\t\t\t\t<\/div>\n\t\t<\/div>\n\t\t\t\t<div class=\"elementor-column elementor-col-25 elementor-inner-column elementor-element elementor-element-00734d6\" data-id=\"00734d6\" data-element_type=\"column\" data-e-type=\"column\">\n\t\t\t<div class=\"elementor-widget-wrap\">\n\t\t\t\t\t\t\t<\/div>\n\t\t<\/div>\n\t\t\t\t\t<\/div>\n\t\t<\/section>\n\t\t\t\t\t<\/div>\n\t\t<\/div>\n\t\t\t\t\t<\/div>\n\t\t<\/section>\n\t\t<div class=\"elementor-element elementor-element-e888014 e-flex e-con-boxed e-con e-parent\" data-id=\"e888014\" data-element_type=\"container\" data-e-type=\"container\">\n\t\t\t\t\t<div class=\"e-con-inner\">\n\t\t<div class=\"elementor-element elementor-element-a1416f7 e-con-full e-flex e-con e-child\" data-id=\"a1416f7\" data-element_type=\"container\" data-e-type=\"container\">\n\t\t\t\t<div class=\"elementor-element elementor-element-816ddbe elementor-widget elementor-widget-text-editor\" data-id=\"816ddbe\" data-element_type=\"widget\" data-e-type=\"widget\" data-widget_type=\"text-editor.default\">\n\t\t\t\t<div class=\"elementor-widget-container\">\n\t\t\t\t\t\t\t\t\t<p>Besoin d&rsquo;un devis personnalis\u00e9 ou simplement des conseils avis\u00e9s pour votre projet ? Remplissez le formulaire et notre \u00e9quipe vous recontactera dans les plus brefs d\u00e9lais.<\/p><p>Chez Condevaux Terrassement, nous sommes \u00e0 votre \u00e9coute pour concr\u00e9tiser vos id\u00e9es et vous offrir des solutions sur mesure.<\/p><p>Laissez-nous vos coordonn\u00e9es et d\u00e9crivez-nous bri\u00e8vement votre projet. Nous sommes impatients de vous accompagner dans cette aventure.<\/p>\t\t\t\t\t\t\t\t<\/div>\n\t\t\t\t<\/div>\n\t\t\t\t<\/div>\n\t\t<div class=\"elementor-element elementor-element-9f3278f e-con-full e-flex e-con e-child\" data-id=\"9f3278f\" data-element_type=\"container\" data-e-type=\"container\">\n\t\t\t\t<div class=\"elementor-element elementor-element-51c5a40 elementor-widget elementor-widget-wpforms\" data-id=\"51c5a40\" data-element_type=\"widget\" data-e-type=\"widget\" data-widget_type=\"wpforms.default\">\n\t\t\t\t<div class=\"elementor-widget-container\">\n\t\t\t\t\t<style id=\"wpforms-css-vars-elementor-widget-51c5a40\">\n\t\t\t\t.elementor-widget-wpforms.elementor-element-51c5a40 {\n\t\t\t\t--wpforms-button-background-color: #CF9D10;\n\t\t\t}\n\t\t\t<\/style><div class=\"wpforms-container wpforms-container-full wpforms-render-modern\" id=\"wpforms-1351\"><form id=\"wpforms-form-1351\" class=\"wpforms-validate wpforms-form wpforms-ajax-form\" data-formid=\"1351\" method=\"post\" enctype=\"multipart\/form-data\" action=\"\/index.php\/wp-json\/wp\/v2\/pages\/759\" data-token=\"9d990de6d305b63306d5980783682ed0\" data-token-time=\"1777040256\"><noscript class=\"wpforms-error-noscript\">Veuillez activer JavaScript dans votre navigateur pour remplir ce formulaire.<\/noscript><div id=\"wpforms-error-noscript\" style=\"display: none;\">Veuillez activer JavaScript dans votre navigateur pour remplir ce formulaire.<\/div><div class=\"wpforms-field-container\"><div id=\"wpforms-1351-field_4-container\" class=\"wpforms-field wpforms-field-name\" data-field-id=\"4\"><fieldset><legend class=\"wpforms-field-label\">Contact <span class=\"wpforms-required-label\" aria-hidden=\"true\">*<\/span><\/legend><div class=\"wpforms-field-row wpforms-field-medium\"><div class=\"wpforms-field-row-block wpforms-first wpforms-one-half\"><input type=\"text\" id=\"wpforms-1351-field_4\" class=\"wpforms-field-name-first wpforms-field-required\" name=\"wpforms[fields][4][first]\" aria-errormessage=\"wpforms-1351-field_4-error\" required><label for=\"wpforms-1351-field_4\" class=\"wpforms-field-sublabel after\">Pr\u00e9nom<\/label><\/div><div class=\"wpforms-field-row-block wpforms-one-half\"><input type=\"text\" id=\"wpforms-1351-field_4-last\" class=\"wpforms-field-name-last wpforms-field-required\" name=\"wpforms[fields][4][last]\" aria-errormessage=\"wpforms-1351-field_4-last-error\" required><label for=\"wpforms-1351-field_4-last\" class=\"wpforms-field-sublabel after\">Nom<\/label><\/div><\/div><\/fieldset><\/div><div id=\"wpforms-1351-field_5-container\" class=\"wpforms-field wpforms-field-text\" data-field-id=\"5\"><label class=\"wpforms-field-label\" for=\"wpforms-1351-field_5\">T\u00e9l\u00e9phone <span class=\"wpforms-required-label\" aria-hidden=\"true\">*<\/span><\/label><input type=\"text\" id=\"wpforms-1351-field_5\" class=\"wpforms-field-medium wpforms-field-required\" name=\"wpforms[fields][5]\" aria-errormessage=\"wpforms-1351-field_5-error\" required><\/div><div id=\"wpforms-1351-field_1-container\" class=\"wpforms-field wpforms-field-email\" data-field-id=\"1\"><label class=\"wpforms-field-label\" for=\"wpforms-1351-field_1\">Email <span class=\"wpforms-required-label\" aria-hidden=\"true\">*<\/span><\/label><input type=\"email\" id=\"wpforms-1351-field_1\" class=\"wpforms-field-medium wpforms-field-required\" name=\"wpforms[fields][1]\" spellcheck=\"false\" aria-errormessage=\"wpforms-1351-field_1-error\" required><\/div>\t\t<div id=\"wpforms-1351-field_6-container\"\n\t\t\tclass=\"wpforms-field wpforms-field-text\"\n\t\t\tdata-field-type=\"text\"\n\t\t\tdata-field-id=\"6\"\n\t\t\t>\n\t\t\t<label class=\"wpforms-field-label\" for=\"wpforms-1351-field_6\" >Agreement T\u00e9l\u00e9phone Contact<\/label>\n\t\t\t<input type=\"text\" id=\"wpforms-1351-field_6\" class=\"wpforms-field-medium\" name=\"wpforms[fields][6]\" >\n\t\t<\/div>\n\t\t<div id=\"wpforms-1351-field_2-container\" class=\"wpforms-field wpforms-field-textarea\" data-field-id=\"2\"><label class=\"wpforms-field-label\" for=\"wpforms-1351-field_2\">Votre message <span class=\"wpforms-required-label\" aria-hidden=\"true\">*<\/span><\/label><textarea id=\"wpforms-1351-field_2\" class=\"wpforms-field-medium wpforms-field-required\" name=\"wpforms[fields][2]\" aria-errormessage=\"wpforms-1351-field_2-error\" required><\/textarea><\/div><script>\n\t\t\t\t( function() {\n\t\t\t\t\tconst style = document.createElement( 'style' );\n\t\t\t\t\tstyle.appendChild( document.createTextNode( '#wpforms-1351-field_6-container { position: absolute !important; overflow: hidden !important; display: inline !important; height: 1px !important; width: 1px !important; z-index: -1000 !important; padding: 0 !important; } #wpforms-1351-field_6-container input { visibility: hidden; } #wpforms-conversational-form-page #wpforms-1351-field_6-container label { counter-increment: none; }' ) );\n\t\t\t\t\tdocument.head.appendChild( style );\n\t\t\t\t\tdocument.currentScript?.remove();\n\t\t\t\t} )();\n\t\t\t<\/script><\/div><!-- .wpforms-field-container --><div class=\"wpforms-recaptcha-container wpforms-is-recaptcha wpforms-is-recaptcha-type-v2\" ><div class=\"g-recaptcha\" data-sitekey=\"6LdPSnUsAAAAAFXk8SF8_ayPFYpQpZR_l-UGfsKX\"><\/div><input type=\"text\" name=\"g-recaptcha-hidden\" class=\"wpforms-recaptcha-hidden\" style=\"position:absolute!important;clip:rect(0,0,0,0)!important;height:1px!important;width:1px!important;border:0!important;overflow:hidden!important;padding:0!important;margin:0!important;\" data-rule-recaptcha=\"1\"><\/div><div class=\"wpforms-submit-container\" ><input type=\"hidden\" name=\"wpforms[id]\" value=\"1351\"><input type=\"hidden\" name=\"page_title\" value=\"\"><input type=\"hidden\" name=\"page_url\" value=\"https:\/\/condevauxtp-perrignier.fr\/index.php\/wp-json\/wp\/v2\/pages\/759\"><input type=\"hidden\" name=\"url_referer\" value=\"\"><button type=\"submit\" name=\"wpforms[submit]\" id=\"wpforms-submit-1351\" class=\"wpforms-submit\" data-alt-text=\"Envoi en cours...\" data-submit-text=\"Envoyer\" aria-live=\"assertive\" value=\"wpforms-submit\">Envoyer<\/button><img decoding=\"async\" src=\"https:\/\/condevauxtp-perrignier.fr\/wp-content\/plugins\/wpforms-lite\/assets\/images\/submit-spin.svg\" class=\"wpforms-submit-spinner\" style=\"display: none;\" width=\"26\" height=\"26\" alt=\"Chargement en cours\"><\/div><\/form><\/div>  <!-- .wpforms-container -->\t\t\t\t<\/div>\n\t\t\t\t<\/div>\n\t\t\t\t<\/div>\n\t\t\t\t\t<\/div>\n\t\t\t\t<\/div>\n\t\t\t\t<\/div>\n\t\t","protected":false},"excerpt":{"rendered":"<p>Pr\u00eats \u00e0 donner vie \u00e0 votre projet ? Contactez-nous d\u00e8s aujourd&rsquo;hui pour b\u00e9n\u00e9ficier de l&rsquo;expertise et du d\u00e9vouement de l&rsquo;\u00e9quipe Condevaux Terrassement. Besoin d&rsquo;un devis&hellip;<\/p>\n","protected":false},"author":1,"featured_media":574,"parent":0,"menu_order":0,"comment_status":"closed","ping_status":"closed","template":"","meta":{"footnotes":""},"class_list":["post-759","page","type-page","status-publish","has-post-thumbnail","hentry"],"yoast_head":"<!-- This site is optimized with the Yoast SEO plugin v27.4 - https:\/\/yoast.com\/product\/yoast-seo-wordpress\/ -->\n<title>Condevaux TP | Votre Expert en Terrassement dans le Chablais<\/title>\n<meta name=\"description\" content=\"Vous avez un projet de terrassement dans le Chablais ? Contactez Condevaux TP pour obtenir des conseils personnalis\u00e9s et un devis adapt\u00e9. Nous sommes \u00e0 votre \u00e9coute pour tous vos besoins en terrassement.\" \/>\n<meta name=\"robots\" content=\"index, follow, max-snippet:-1, max-image-preview:large, max-video-preview:-1\" \/>\n<link rel=\"canonical\" href=\"https:\/\/condevauxtp-perrignier.fr\/index.php\/contact\/\" \/>\n<meta property=\"og:locale\" content=\"fr_FR\" \/>\n<meta property=\"og:type\" content=\"article\" \/>\n<meta property=\"og:title\" content=\"Condevaux TP | Votre Expert en Terrassement dans le Chablais\" \/>\n<meta property=\"og:description\" content=\"Vous avez un projet de terrassement dans le Chablais ? Contactez Condevaux TP pour obtenir des conseils personnalis\u00e9s et un devis adapt\u00e9. Nous sommes \u00e0 votre \u00e9coute pour tous vos besoins en terrassement.\" \/>\n<meta property=\"og:url\" content=\"https:\/\/condevauxtp-perrignier.fr\/index.php\/contact\/\" \/>\n<meta property=\"og:site_name\" content=\"Condevaux TP Perrignier\" \/>\n<meta property=\"article:modified_time\" content=\"2026-02-23T14:45:53+00:00\" \/>\n<meta property=\"og:image\" content=\"https:\/\/condevauxtp-perrignier.fr\/wp-content\/uploads\/2024\/02\/ouvrier-du-batiment-construction-site-scaled.jpg\" \/>\n\t<meta property=\"og:image:width\" content=\"2560\" \/>\n\t<meta property=\"og:image:height\" content=\"1707\" \/>\n\t<meta property=\"og:image:type\" content=\"image\/jpeg\" \/>\n<meta name=\"twitter:card\" content=\"summary_large_image\" \/>\n<meta name=\"twitter:label1\" content=\"Dur\u00e9e de lecture estim\u00e9e\" \/>\n\t<meta name=\"twitter:data1\" content=\"1 minute\" \/>\n<script type=\"application\/ld+json\" class=\"yoast-schema-graph\">{\"@context\":\"https:\\\/\\\/schema.org\",\"@graph\":[{\"@type\":\"WebPage\",\"@id\":\"https:\\\/\\\/condevauxtp-perrignier.fr\\\/index.php\\\/contact\\\/\",\"url\":\"https:\\\/\\\/condevauxtp-perrignier.fr\\\/index.php\\\/contact\\\/\",\"name\":\"Condevaux TP | Votre Expert en Terrassement dans le Chablais\",\"isPartOf\":{\"@id\":\"https:\\\/\\\/condevauxtp-perrignier.fr\\\/#website\"},\"primaryImageOfPage\":{\"@id\":\"https:\\\/\\\/condevauxtp-perrignier.fr\\\/index.php\\\/contact\\\/#primaryimage\"},\"image\":{\"@id\":\"https:\\\/\\\/condevauxtp-perrignier.fr\\\/index.php\\\/contact\\\/#primaryimage\"},\"thumbnailUrl\":\"https:\\\/\\\/condevauxtp-perrignier.fr\\\/wp-content\\\/uploads\\\/2024\\\/02\\\/ouvrier-du-batiment-construction-site-scaled.jpg\",\"datePublished\":\"2024-02-29T09:55:29+00:00\",\"dateModified\":\"2026-02-23T14:45:53+00:00\",\"description\":\"Vous avez un projet de terrassement dans le Chablais ? Contactez Condevaux TP pour obtenir des conseils personnalis\u00e9s et un devis adapt\u00e9. Nous sommes \u00e0 votre \u00e9coute pour tous vos besoins en terrassement.\",\"breadcrumb\":{\"@id\":\"https:\\\/\\\/condevauxtp-perrignier.fr\\\/index.php\\\/contact\\\/#breadcrumb\"},\"inLanguage\":\"fr-FR\",\"potentialAction\":[{\"@type\":\"ReadAction\",\"target\":[\"https:\\\/\\\/condevauxtp-perrignier.fr\\\/index.php\\\/contact\\\/\"]}]},{\"@type\":\"ImageObject\",\"inLanguage\":\"fr-FR\",\"@id\":\"https:\\\/\\\/condevauxtp-perrignier.fr\\\/index.php\\\/contact\\\/#primaryimage\",\"url\":\"https:\\\/\\\/condevauxtp-perrignier.fr\\\/wp-content\\\/uploads\\\/2024\\\/02\\\/ouvrier-du-batiment-construction-site-scaled.jpg\",\"contentUrl\":\"https:\\\/\\\/condevauxtp-perrignier.fr\\\/wp-content\\\/uploads\\\/2024\\\/02\\\/ouvrier-du-batiment-construction-site-scaled.jpg\",\"width\":2560,\"height\":1707},{\"@type\":\"BreadcrumbList\",\"@id\":\"https:\\\/\\\/condevauxtp-perrignier.fr\\\/index.php\\\/contact\\\/#breadcrumb\",\"itemListElement\":[{\"@type\":\"ListItem\",\"position\":1,\"name\":\"Accueil\",\"item\":\"https:\\\/\\\/condevauxtp-perrignier.fr\\\/\"},{\"@type\":\"ListItem\",\"position\":2,\"name\":\"Contact\"}]},{\"@type\":\"WebSite\",\"@id\":\"https:\\\/\\\/condevauxtp-perrignier.fr\\\/#website\",\"url\":\"https:\\\/\\\/condevauxtp-perrignier.fr\\\/\",\"name\":\"Condevaux TP Perrignier\",\"description\":\"\",\"publisher\":{\"@id\":\"https:\\\/\\\/condevauxtp-perrignier.fr\\\/#organization\"},\"potentialAction\":[{\"@type\":\"SearchAction\",\"target\":{\"@type\":\"EntryPoint\",\"urlTemplate\":\"https:\\\/\\\/condevauxtp-perrignier.fr\\\/?s={search_term_string}\"},\"query-input\":{\"@type\":\"PropertyValueSpecification\",\"valueRequired\":true,\"valueName\":\"search_term_string\"}}],\"inLanguage\":\"fr-FR\"},{\"@type\":\"Organization\",\"@id\":\"https:\\\/\\\/condevauxtp-perrignier.fr\\\/#organization\",\"name\":\"Condevaux TP Perrignier\",\"url\":\"https:\\\/\\\/condevauxtp-perrignier.fr\\\/\",\"logo\":{\"@type\":\"ImageObject\",\"inLanguage\":\"fr-FR\",\"@id\":\"https:\\\/\\\/condevauxtp-perrignier.fr\\\/#\\\/schema\\\/logo\\\/image\\\/\",\"url\":\"https:\\\/\\\/condevauxtp-perrignier.fr\\\/wp-content\\\/uploads\\\/2024\\\/10\\\/Fichier-7.png\",\"contentUrl\":\"https:\\\/\\\/condevauxtp-perrignier.fr\\\/wp-content\\\/uploads\\\/2024\\\/10\\\/Fichier-7.png\",\"width\":506,\"height\":100,\"caption\":\"Condevaux TP Perrignier\"},\"image\":{\"@id\":\"https:\\\/\\\/condevauxtp-perrignier.fr\\\/#\\\/schema\\\/logo\\\/image\\\/\"}}]}<\/script>\n<!-- \/ Yoast SEO plugin. -->","yoast_head_json":{"title":"Condevaux TP | Votre Expert en Terrassement dans le Chablais","description":"Vous avez un projet de terrassement dans le Chablais ? Contactez Condevaux TP pour obtenir des conseils personnalis\u00e9s et un devis adapt\u00e9. Nous sommes \u00e0 votre \u00e9coute pour tous vos besoins en terrassement.","robots":{"index":"index","follow":"follow","max-snippet":"max-snippet:-1","max-image-preview":"max-image-preview:large","max-video-preview":"max-video-preview:-1"},"canonical":"https:\/\/condevauxtp-perrignier.fr\/index.php\/contact\/","og_locale":"fr_FR","og_type":"article","og_title":"Condevaux TP | Votre Expert en Terrassement dans le Chablais","og_description":"Vous avez un projet de terrassement dans le Chablais ? Contactez Condevaux TP pour obtenir des conseils personnalis\u00e9s et un devis adapt\u00e9. Nous sommes \u00e0 votre \u00e9coute pour tous vos besoins en terrassement.","og_url":"https:\/\/condevauxtp-perrignier.fr\/index.php\/contact\/","og_site_name":"Condevaux TP Perrignier","article_modified_time":"2026-02-23T14:45:53+00:00","og_image":[{"width":2560,"height":1707,"url":"https:\/\/condevauxtp-perrignier.fr\/wp-content\/uploads\/2024\/02\/ouvrier-du-batiment-construction-site-scaled.jpg","type":"image\/jpeg"}],"twitter_card":"summary_large_image","twitter_misc":{"Dur\u00e9e de lecture estim\u00e9e":"1 minute"},"schema":{"@context":"https:\/\/schema.org","@graph":[{"@type":"WebPage","@id":"https:\/\/condevauxtp-perrignier.fr\/index.php\/contact\/","url":"https:\/\/condevauxtp-perrignier.fr\/index.php\/contact\/","name":"Condevaux TP | Votre Expert en Terrassement dans le Chablais","isPartOf":{"@id":"https:\/\/condevauxtp-perrignier.fr\/#website"},"primaryImageOfPage":{"@id":"https:\/\/condevauxtp-perrignier.fr\/index.php\/contact\/#primaryimage"},"image":{"@id":"https:\/\/condevauxtp-perrignier.fr\/index.php\/contact\/#primaryimage"},"thumbnailUrl":"https:\/\/condevauxtp-perrignier.fr\/wp-content\/uploads\/2024\/02\/ouvrier-du-batiment-construction-site-scaled.jpg","datePublished":"2024-02-29T09:55:29+00:00","dateModified":"2026-02-23T14:45:53+00:00","description":"Vous avez un projet de terrassement dans le Chablais ? Contactez Condevaux TP pour obtenir des conseils personnalis\u00e9s et un devis adapt\u00e9. Nous sommes \u00e0 votre \u00e9coute pour tous vos besoins en terrassement.","breadcrumb":{"@id":"https:\/\/condevauxtp-perrignier.fr\/index.php\/contact\/#breadcrumb"},"inLanguage":"fr-FR","potentialAction":[{"@type":"ReadAction","target":["https:\/\/condevauxtp-perrignier.fr\/index.php\/contact\/"]}]},{"@type":"ImageObject","inLanguage":"fr-FR","@id":"https:\/\/condevauxtp-perrignier.fr\/index.php\/contact\/#primaryimage","url":"https:\/\/condevauxtp-perrignier.fr\/wp-content\/uploads\/2024\/02\/ouvrier-du-batiment-construction-site-scaled.jpg","contentUrl":"https:\/\/condevauxtp-perrignier.fr\/wp-content\/uploads\/2024\/02\/ouvrier-du-batiment-construction-site-scaled.jpg","width":2560,"height":1707},{"@type":"BreadcrumbList","@id":"https:\/\/condevauxtp-perrignier.fr\/index.php\/contact\/#breadcrumb","itemListElement":[{"@type":"ListItem","position":1,"name":"Accueil","item":"https:\/\/condevauxtp-perrignier.fr\/"},{"@type":"ListItem","position":2,"name":"Contact"}]},{"@type":"WebSite","@id":"https:\/\/condevauxtp-perrignier.fr\/#website","url":"https:\/\/condevauxtp-perrignier.fr\/","name":"Condevaux TP Perrignier","description":"","publisher":{"@id":"https:\/\/condevauxtp-perrignier.fr\/#organization"},"potentialAction":[{"@type":"SearchAction","target":{"@type":"EntryPoint","urlTemplate":"https:\/\/condevauxtp-perrignier.fr\/?s={search_term_string}"},"query-input":{"@type":"PropertyValueSpecification","valueRequired":true,"valueName":"search_term_string"}}],"inLanguage":"fr-FR"},{"@type":"Organization","@id":"https:\/\/condevauxtp-perrignier.fr\/#organization","name":"Condevaux TP Perrignier","url":"https:\/\/condevauxtp-perrignier.fr\/","logo":{"@type":"ImageObject","inLanguage":"fr-FR","@id":"https:\/\/condevauxtp-perrignier.fr\/#\/schema\/logo\/image\/","url":"https:\/\/condevauxtp-perrignier.fr\/wp-content\/uploads\/2024\/10\/Fichier-7.png","contentUrl":"https:\/\/condevauxtp-perrignier.fr\/wp-content\/uploads\/2024\/10\/Fichier-7.png","width":506,"height":100,"caption":"Condevaux TP Perrignier"},"image":{"@id":"https:\/\/condevauxtp-perrignier.fr\/#\/schema\/logo\/image\/"}}]}},"_links":{"self":[{"href":"https:\/\/condevauxtp-perrignier.fr\/index.php\/wp-json\/wp\/v2\/pages\/759","targetHints":{"allow":["GET"]}}],"collection":[{"href":"https:\/\/condevauxtp-perrignier.fr\/index.php\/wp-json\/wp\/v2\/pages"}],"about":[{"href":"https:\/\/condevauxtp-perrignier.fr\/index.php\/wp-json\/wp\/v2\/types\/page"}],"author":[{"embeddable":true,"href":"https:\/\/condevauxtp-perrignier.fr\/index.php\/wp-json\/wp\/v2\/users\/1"}],"replies":[{"embeddable":true,"href":"https:\/\/condevauxtp-perrignier.fr\/index.php\/wp-json\/wp\/v2\/comments?post=759"}],"version-history":[{"count":25,"href":"https:\/\/condevauxtp-perrignier.fr\/index.php\/wp-json\/wp\/v2\/pages\/759\/revisions"}],"predecessor-version":[{"id":1358,"href":"https:\/\/condevauxtp-perrignier.fr\/index.php\/wp-json\/wp\/v2\/pages\/759\/revisions\/1358"}],"wp:featuredmedia":[{"embeddable":true,"href":"https:\/\/condevauxtp-perrignier.fr\/index.php\/wp-json\/wp\/v2\/media\/574"}],"wp:attachment":[{"href":"https:\/\/condevauxtp-perrignier.fr\/index.php\/wp-json\/wp\/v2\/media?parent=759"}],"curies":[{"name":"wp","href":"https:\/\/api.w.org\/{rel}","templated":true}]}}