{"id":731,"date":"2024-02-13T10:51:40","date_gmt":"2024-02-13T09:51:40","guid":{"rendered":"https:\/\/condevauxtp-perrignier.fr\/?page_id=731"},"modified":"2024-08-13T11:05:04","modified_gmt":"2024-08-13T09:05:04","slug":"a-propos","status":"publish","type":"page","link":"https:\/\/condevauxtp-perrignier.fr\/index.php\/a-propos\/","title":{"rendered":"\u00c0 propos"},"content":{"rendered":"\t\t<div data-elementor-type=\"wp-post\" data-elementor-id=\"731\" class=\"elementor elementor-731\">\n\t\t\t\t\t\t<section class=\"elementor-section elementor-top-section elementor-element elementor-element-dd09fe3 elementor-section-boxed elementor-section-height-default elementor-section-height-default\" data-id=\"dd09fe3\" data-element_type=\"section\" data-e-type=\"section\" data-settings=\"{&quot;background_background&quot;:&quot;classic&quot;}\">\n\t\t\t\t\t\t\t<div class=\"elementor-background-overlay\"><\/div>\n\t\t\t\t\t\t\t<div class=\"elementor-container elementor-column-gap-default\">\n\t\t\t\t\t<div class=\"elementor-column elementor-col-100 elementor-top-column elementor-element elementor-element-1cf99fc\" data-id=\"1cf99fc\" data-element_type=\"column\" data-e-type=\"column\">\n\t\t\t<div class=\"elementor-widget-wrap elementor-element-populated\">\n\t\t\t\t\t\t<section class=\"elementor-section elementor-inner-section elementor-element elementor-element-7b104c3 elementor-section-boxed elementor-section-height-default elementor-section-height-default\" data-id=\"7b104c3\" data-element_type=\"section\" data-e-type=\"section\">\n\t\t\t\t\t\t<div class=\"elementor-container elementor-column-gap-no\">\n\t\t\t\t\t<div class=\"elementor-column elementor-col-50 elementor-inner-column elementor-element elementor-element-9b19e21\" data-id=\"9b19e21\" data-element_type=\"column\" data-e-type=\"column\">\n\t\t\t<div class=\"elementor-widget-wrap elementor-element-populated\">\n\t\t\t\t\t\t<div class=\"elementor-element elementor-element-9f4a97b elementor-widget elementor-widget-heading\" data-id=\"9f4a97b\" data-element_type=\"widget\" data-e-type=\"widget\" data-widget_type=\"heading.default\">\n\t\t\t\t<div class=\"elementor-widget-container\">\n\t\t\t\t\t<h2 class=\"elementor-heading-title elementor-size-default\">Une histoire de valeurs et de traditions<\/h2>\t\t\t\t<\/div>\n\t\t\t\t<\/div>\n\t\t\t\t<div class=\"elementor-element elementor-element-606c8e7 elementor-widget elementor-widget-text-editor\" data-id=\"606c8e7\" data-element_type=\"widget\" data-e-type=\"widget\" data-widget_type=\"text-editor.default\">\n\t\t\t\t<div class=\"elementor-widget-container\">\n\t\t\t\t\t\t\t\t\t<p>Chez Condevaux Terrassement, nous sommes bien plus qu&rsquo;une entreprise. Nous sommes une famille unie par la passion du travail bien fait et la volont\u00e9 de construire votre projet sur des bases fiables.<\/p><p>Nos valeurs, forg\u00e9es au fil des g\u00e9n\u00e9rations, se refl\u00e8tent dans chaque interaction avec nos clients. La confiance, l&rsquo;int\u00e9grit\u00e9 et le d\u00e9vouement guident chacune de nos actions, garantissant une exp\u00e9rience client exceptionnelle \u00e0 chaque \u00e9tape.<\/p>\t\t\t\t\t\t\t\t<\/div>\n\t\t\t\t<\/div>\n\t\t\t\t\t<\/div>\n\t\t<\/div>\n\t\t\t\t<div class=\"elementor-column elementor-col-25 elementor-inner-column elementor-element elementor-element-e7b9066\" data-id=\"e7b9066\" data-element_type=\"column\" data-e-type=\"column\">\n\t\t\t<div class=\"elementor-widget-wrap\">\n\t\t\t\t\t\t\t<\/div>\n\t\t<\/div>\n\t\t\t\t<div class=\"elementor-column elementor-col-25 elementor-inner-column elementor-element elementor-element-00734d6\" data-id=\"00734d6\" data-element_type=\"column\" data-e-type=\"column\">\n\t\t\t<div class=\"elementor-widget-wrap\">\n\t\t\t\t\t\t\t<\/div>\n\t\t<\/div>\n\t\t\t\t\t<\/div>\n\t\t<\/section>\n\t\t\t\t\t<\/div>\n\t\t<\/div>\n\t\t\t\t\t<\/div>\n\t\t<\/section>\n\t\t<div class=\"elementor-element elementor-element-289c7e4 e-con-full e-flex e-con e-parent\" data-id=\"289c7e4\" data-element_type=\"container\" data-e-type=\"container\" data-settings=\"{&quot;background_background&quot;:&quot;classic&quot;}\">\n\t\t<div class=\"elementor-element elementor-element-10a0411 e-con-full e-flex e-con e-child\" data-id=\"10a0411\" data-element_type=\"container\" data-e-type=\"container\" data-settings=\"{&quot;background_background&quot;:&quot;slideshow&quot;,&quot;background_slideshow_gallery&quot;:[{&quot;id&quot;:814,&quot;url&quot;:&quot;https:\\\/\\\/condevauxtp-perrignier.fr\\\/wp-content\\\/uploads\\\/2024\\\/02\\\/IMG_1722.jpg&quot;},{&quot;id&quot;:815,&quot;url&quot;:&quot;https:\\\/\\\/condevauxtp-perrignier.fr\\\/wp-content\\\/uploads\\\/2024\\\/02\\\/IMG_1725.jpg&quot;},{&quot;id&quot;:816,&quot;url&quot;:&quot;https:\\\/\\\/condevauxtp-perrignier.fr\\\/wp-content\\\/uploads\\\/2024\\\/02\\\/IMG_1726.jpg&quot;},{&quot;id&quot;:817,&quot;url&quot;:&quot;https:\\\/\\\/condevauxtp-perrignier.fr\\\/wp-content\\\/uploads\\\/2024\\\/02\\\/IMG_1727.jpg&quot;},{&quot;id&quot;:818,&quot;url&quot;:&quot;https:\\\/\\\/condevauxtp-perrignier.fr\\\/wp-content\\\/uploads\\\/2024\\\/02\\\/IMG_1728.jpg&quot;}],&quot;background_slideshow_slide_duration&quot;:2500,&quot;background_slideshow_loop&quot;:&quot;yes&quot;,&quot;background_slideshow_slide_transition&quot;:&quot;fade&quot;,&quot;background_slideshow_transition_duration&quot;:500}\">\n\t\t\t\t<div class=\"elementor-element elementor-element-0b0233d elementor-widget elementor-widget-spacer\" data-id=\"0b0233d\" data-element_type=\"widget\" data-e-type=\"widget\" data-widget_type=\"spacer.default\">\n\t\t\t\t<div class=\"elementor-widget-container\">\n\t\t\t\t\t\t\t<div class=\"elementor-spacer\">\n\t\t\t<div class=\"elementor-spacer-inner\"><\/div>\n\t\t<\/div>\n\t\t\t\t\t\t<\/div>\n\t\t\t\t<\/div>\n\t\t\t\t<\/div>\n\t\t<div class=\"elementor-element elementor-element-73d324c e-con-full e-flex e-con e-child\" data-id=\"73d324c\" data-element_type=\"container\" data-e-type=\"container\">\n\t\t\t\t<div class=\"elementor-element elementor-element-bc430cc elementor-widget elementor-widget-heading\" data-id=\"bc430cc\" data-element_type=\"widget\" data-e-type=\"widget\" data-widget_type=\"heading.default\">\n\t\t\t\t<div class=\"elementor-widget-container\">\n\t\t\t\t\t<h3 class=\"elementor-heading-title elementor-size-default\">De g\u00e9n\u00e9ration en g\u00e9n\u00e9ration<\/h3>\t\t\t\t<\/div>\n\t\t\t\t<\/div>\n\t\t\t\t<div class=\"elementor-element elementor-element-7c761e3 elementor-widget elementor-widget-text-editor\" data-id=\"7c761e3\" data-element_type=\"widget\" data-e-type=\"widget\" data-widget_type=\"text-editor.default\">\n\t\t\t\t<div class=\"elementor-widget-container\">\n\t\t\t\t\t\t\t\t\t<p>Depuis 1968, Condevaux Terrassement \u00e9crit son histoire, une famille ancr\u00e9e dans les terres du Chablais.<\/p><p>Fond\u00e9e par Paul et Marie-Jos\u00e9 Condevaux, notre entreprise a vu le jour avec pour vision la cr\u00e9ation de bases solides pour chaque projet.<\/p><p>En 1998, cette passion s&rsquo;est transmise \u00e0 la nouvelle g\u00e9n\u00e9ration, avec la reprise par S\u00e9bastien Breband, gendre de Paul et Marie-Jos\u00e9, et Johan Condevaux, leur fils.<\/p><p>Aujourd&rsquo;hui, avec l&rsquo;arriv\u00e9e d&rsquo;Antonin Breband, la troisi\u00e8me g\u00e9n\u00e9ration perp\u00e9tue cette tradition, marquant ainsi notre engagement ind\u00e9fectible envers la qualit\u00e9 et l&rsquo;excellence.<\/p>\t\t\t\t\t\t\t\t<\/div>\n\t\t\t\t<\/div>\n\t\t\t\t<\/div>\n\t\t\t\t<\/div>\n\t\t<div class=\"elementor-element elementor-element-62cfae4 e-flex e-con-boxed e-con e-parent\" data-id=\"62cfae4\" data-element_type=\"container\" data-e-type=\"container\">\n\t\t\t\t\t<div class=\"e-con-inner\">\n\t\t<div class=\"elementor-element elementor-element-4ca703d e-con-full e-flex e-con e-child\" data-id=\"4ca703d\" data-element_type=\"container\" data-e-type=\"container\">\n\t\t\t\t<div class=\"elementor-element elementor-element-99bf32c elementor-widget elementor-widget-heading\" data-id=\"99bf32c\" data-element_type=\"widget\" data-e-type=\"widget\" data-widget_type=\"heading.default\">\n\t\t\t\t<div class=\"elementor-widget-container\">\n\t\t\t\t\t<h3 class=\"elementor-heading-title elementor-size-default\">Notre \u00e9quipe d\u00e9vou\u00e9e<\/h3>\t\t\t\t<\/div>\n\t\t\t\t<\/div>\n\t\t\t\t<div class=\"elementor-element elementor-element-4afdfa3 elementor-widget elementor-widget-text-editor\" data-id=\"4afdfa3\" data-element_type=\"widget\" data-e-type=\"widget\" data-widget_type=\"text-editor.default\">\n\t\t\t\t<div class=\"elementor-widget-container\">\n\t\t\t\t\t\t\t\t\t<div class=\"w-full text-token-text-primary\" data-testid=\"conversation-turn-66\"><div class=\"px-4 py-2 justify-center text-base md:gap-6 m-auto\"><div class=\"flex flex-1 text-base mx-auto gap-3 md:px-5 lg:px-1 xl:px-5 md:max-w-3xl lg:max-w-[40rem] xl:max-w-[48rem] group\"><div class=\"relative flex w-full flex-col agent-turn\"><div class=\"flex-col gap-1 md:gap-3\"><div class=\"flex flex-grow flex-col max-w-full\"><div class=\"min-h-[20px] text-message flex flex-col items-start gap-3 whitespace-pre-wrap break-words [.text-message+&amp;]:mt-5 overflow-x-auto\" data-message-author-role=\"assistant\" data-message-id=\"37c47617-8112-497b-b312-edcce88dba97\"><div class=\"markdown prose w-full break-words dark:prose-invert light\"><p>Notre \u00e9quipe, compos\u00e9e de membres de la famille et de collaborateurs d\u00e9vou\u00e9s, incarne l&rsquo;esprit de Condevaux Terrassement.<\/p><\/div><\/div><\/div><\/div><\/div><\/div><\/div><\/div>\t\t\t\t\t\t\t\t<\/div>\n\t\t\t\t<\/div>\n\t\t\t\t<\/div>\n\t\t<div class=\"elementor-element elementor-element-f939c07 e-con-full e-flex e-con e-child\" data-id=\"f939c07\" data-element_type=\"container\" data-e-type=\"container\">\n\t\t\t\t<div class=\"elementor-element elementor-element-678e0e2 elementor-widget elementor-widget-text-editor\" data-id=\"678e0e2\" data-element_type=\"widget\" data-e-type=\"widget\" data-widget_type=\"text-editor.default\">\n\t\t\t\t<div class=\"elementor-widget-container\">\n\t\t\t\t\t\t\t\t\t<div class=\"w-full text-token-text-primary\" data-testid=\"conversation-turn-66\"><div class=\"px-4 py-2 justify-center text-base md:gap-6 m-auto\"><div class=\"flex flex-1 text-base mx-auto gap-3 md:px-5 lg:px-1 xl:px-5 md:max-w-3xl lg:max-w-[40rem] xl:max-w-[48rem] group\"><div class=\"relative flex w-full flex-col agent-turn\"><div class=\"flex-col gap-1 md:gap-3\"><div class=\"flex flex-grow flex-col max-w-full\"><div class=\"min-h-[20px] text-message flex flex-col items-start gap-3 whitespace-pre-wrap break-words [.text-message+&amp;]:mt-5 overflow-x-auto\" data-message-author-role=\"assistant\" data-message-id=\"37c47617-8112-497b-b312-edcce88dba97\"><div class=\"markdown prose w-full break-words dark:prose-invert light\"><p><strong>S\u00e9bastien Breband<\/strong>, \u00e0 la t\u00eate de la soci\u00e9t\u00e9, apporte son expertise en devis et en gestion, tandis que <strong>Catherine Breband<\/strong> assure un accompagnement administratif personnalis\u00e9.<\/p><p><strong>Antonin Breband<\/strong>, en tant que pr\u00e9sident de la soci\u00e9t\u00e9, assure le suivi m\u00e9ticuleux de chaque projet, perp\u00e9tuant ainsi l&rsquo;h\u00e9ritage familial.<\/p><p><strong>Johan Condevaux<\/strong>, avec son exp\u00e9rience dans le terrassement, supervise chaque chantier avec rigueur et professionnalisme. Il saura vous accompagner sur l&rsquo;am\u00e9nagement de votre terrain en fin de travaux, veillant \u00e0 ce que chaque d\u00e9tail soit parfaitement ex\u00e9cut\u00e9 pour garantir un r\u00e9sultat optimal et durable.<br \/><br \/><strong>Mathieu Chatelain<\/strong>, sp\u00e9cialiste du terrassement pour piscines, apporte son savoir-faire unique \u00e0 chaque r\u00e9alisation, garantissant un r\u00e9sultat impeccable. Il saura r\u00e9pondre \u00e0 toutes vos questions sur la faisabilit\u00e9 de votre projet, vous offrant des conseils avis\u00e9s et des solutions adapt\u00e9es pour concr\u00e9tiser vos id\u00e9es dans les meilleures conditions.<\/p><\/div><\/div><\/div><\/div><\/div><\/div><\/div><\/div>\t\t\t\t\t\t\t\t<\/div>\n\t\t\t\t<\/div>\n\t\t\t\t<div class=\"elementor-element elementor-element-8f45270 elementor-widget elementor-widget-button\" data-id=\"8f45270\" data-element_type=\"widget\" data-e-type=\"widget\" data-widget_type=\"button.default\">\n\t\t\t\t<div class=\"elementor-widget-container\">\n\t\t\t\t\t\t\t\t\t<div class=\"elementor-button-wrapper\">\n\t\t\t\t\t<a class=\"elementor-button elementor-button-link elementor-size-sm\" href=\"https:\/\/condevauxtp-perrignier.fr\/index.php\/services\/\">\n\t\t\t\t\t\t<span class=\"elementor-button-content-wrapper\">\n\t\t\t\t\t\t<span class=\"elementor-button-icon\">\n\t\t\t\t<svg aria-hidden=\"true\" class=\"e-font-icon-svg e-far-arrow-alt-circle-right\" viewBox=\"0 0 512 512\" xmlns=\"http:\/\/www.w3.org\/2000\/svg\"><path d=\"M504 256C504 119 393 8 256 8S8 119 8 256s111 248 248 248 248-111 248-248zm-448 0c0-110.5 89.5-200 200-200s200 89.5 200 200-89.5 200-200 200S56 366.5 56 256zm72 20v-40c0-6.6 5.4-12 12-12h116v-67c0-10.7 12.9-16 20.5-8.5l99 99c4.7 4.7 4.7 12.3 0 17l-99 99c-7.6 7.6-20.5 2.2-20.5-8.5v-67H140c-6.6 0-12-5.4-12-12z\"><\/path><\/svg>\t\t\t<\/span>\n\t\t\t\t\t\t\t\t\t<span class=\"elementor-button-text\">D\u00e9couvrez comment nous intervenons sur votre projet<\/span>\n\t\t\t\t\t<\/span>\n\t\t\t\t\t<\/a>\n\t\t\t\t<\/div>\n\t\t\t\t\t\t\t\t<\/div>\n\t\t\t\t<\/div>\n\t\t\t\t<\/div>\n\t\t\t\t\t<\/div>\n\t\t\t\t<\/div>\n\t\t<div class=\"elementor-element elementor-element-8822fbc e-con-full e-flex e-con e-parent\" data-id=\"8822fbc\" data-element_type=\"container\" data-e-type=\"container\" data-settings=\"{&quot;background_background&quot;:&quot;classic&quot;}\">\n\t\t<div class=\"elementor-element elementor-element-38da61dc e-con-full e-flex e-con e-child\" data-id=\"38da61dc\" data-element_type=\"container\" data-e-type=\"container\">\n\t\t\t\t<div class=\"elementor-element elementor-element-eb1b57a elementor-widget elementor-widget-heading\" data-id=\"eb1b57a\" data-element_type=\"widget\" data-e-type=\"widget\" data-widget_type=\"heading.default\">\n\t\t\t\t<div class=\"elementor-widget-container\">\n\t\t\t\t\t<h2 class=\"elementor-heading-title elementor-size-default\">Notre connexion \u00e0 la terre du Chablais<\/h2>\t\t\t\t<\/div>\n\t\t\t\t<\/div>\n\t\t\t\t<div class=\"elementor-element elementor-element-790cdb95 elementor-widget elementor-widget-text-editor\" data-id=\"790cdb95\" data-element_type=\"widget\" data-e-type=\"widget\" data-widget_type=\"text-editor.default\">\n\t\t\t\t<div class=\"elementor-widget-container\">\n\t\t\t\t\t\t\t\t\t<p>Nos racines sont profond\u00e9ment ancr\u00e9es dans les terres du Chablais, et notre lien avec cette r\u00e9gion est indissociable de notre identit\u00e9. Nous connaissons chaque recoin, chaque particularit\u00e9 du sol, ce qui nous permet de fournir des services de terrassement et d&rsquo;am\u00e9nagement sur mesure, adapt\u00e9s aux sp\u00e9cificit\u00e9s locales.<\/p><p>Cette connexion privil\u00e9gi\u00e9e avec notre environnement nous permet de garantir des r\u00e9sultats exceptionnels et durables pour chaque projet.<\/p>\t\t\t\t\t\t\t\t<\/div>\n\t\t\t\t<\/div>\n\t\t\t\t<\/div>\n\t\t\t\t<\/div>\n\t\t\t\t<\/div>\n\t\t","protected":false},"excerpt":{"rendered":"<p>Une histoire de valeurs et de traditions Chez Condevaux Terrassement, nous sommes bien plus qu&rsquo;une entreprise. Nous sommes une famille unie par la passion du&hellip;<\/p>\n","protected":false},"author":1,"featured_media":817,"parent":0,"menu_order":0,"comment_status":"closed","ping_status":"closed","template":"","meta":{"footnotes":""},"class_list":["post-731","page","type-page","status-publish","has-post-thumbnail","hentry"],"yoast_head":"<!-- This site is optimized with the Yoast SEO plugin v27.4 - https:\/\/yoast.com\/product\/yoast-seo-wordpress\/ -->\n<title>Condevaux TP | Entreprise Familiale dans le Chablais<\/title>\n<meta name=\"description\" content=\"D\u00e9couvrez l&#039;histoire de Condevaux TP, une entreprise familiale du Chablais. Depuis 1968, nous sommes d\u00e9vou\u00e9s \u00e0 offrir un service de qualit\u00e9 et une expertise locale in\u00e9gal\u00e9e. Apprenez \u00e0 conna\u00eetre notre \u00e9quipe passionn\u00e9e.\" \/>\n<meta name=\"robots\" content=\"index, follow, max-snippet:-1, max-image-preview:large, max-video-preview:-1\" \/>\n<link rel=\"canonical\" href=\"https:\/\/condevauxtp-perrignier.fr\/index.php\/a-propos\/\" \/>\n<meta property=\"og:locale\" content=\"fr_FR\" \/>\n<meta property=\"og:type\" content=\"article\" \/>\n<meta property=\"og:title\" content=\"Condevaux TP | Entreprise Familiale dans le Chablais\" \/>\n<meta property=\"og:description\" content=\"D\u00e9couvrez l&#039;histoire de Condevaux TP, une entreprise familiale du Chablais. Depuis 1968, nous sommes d\u00e9vou\u00e9s \u00e0 offrir un service de qualit\u00e9 et une expertise locale in\u00e9gal\u00e9e. Apprenez \u00e0 conna\u00eetre notre \u00e9quipe passionn\u00e9e.\" \/>\n<meta property=\"og:url\" content=\"https:\/\/condevauxtp-perrignier.fr\/index.php\/a-propos\/\" \/>\n<meta property=\"og:site_name\" content=\"Condevaux TP Perrignier\" \/>\n<meta property=\"article:modified_time\" content=\"2024-08-13T09:05:04+00:00\" \/>\n<meta property=\"og:image\" content=\"https:\/\/condevauxtp-perrignier.fr\/wp-content\/uploads\/2024\/02\/IMG_1727.jpg\" \/>\n\t<meta property=\"og:image:width\" content=\"1024\" \/>\n\t<meta property=\"og:image:height\" content=\"769\" \/>\n\t<meta property=\"og:image:type\" content=\"image\/jpeg\" \/>\n<meta name=\"twitter:card\" content=\"summary_large_image\" \/>\n<meta name=\"twitter:label1\" content=\"Dur\u00e9e de lecture estim\u00e9e\" \/>\n\t<meta name=\"twitter:data1\" content=\"3 minutes\" \/>\n<script type=\"application\/ld+json\" class=\"yoast-schema-graph\">{\"@context\":\"https:\\\/\\\/schema.org\",\"@graph\":[{\"@type\":\"WebPage\",\"@id\":\"https:\\\/\\\/condevauxtp-perrignier.fr\\\/index.php\\\/a-propos\\\/\",\"url\":\"https:\\\/\\\/condevauxtp-perrignier.fr\\\/index.php\\\/a-propos\\\/\",\"name\":\"Condevaux TP | Entreprise Familiale dans le Chablais\",\"isPartOf\":{\"@id\":\"https:\\\/\\\/condevauxtp-perrignier.fr\\\/#website\"},\"primaryImageOfPage\":{\"@id\":\"https:\\\/\\\/condevauxtp-perrignier.fr\\\/index.php\\\/a-propos\\\/#primaryimage\"},\"image\":{\"@id\":\"https:\\\/\\\/condevauxtp-perrignier.fr\\\/index.php\\\/a-propos\\\/#primaryimage\"},\"thumbnailUrl\":\"https:\\\/\\\/condevauxtp-perrignier.fr\\\/wp-content\\\/uploads\\\/2024\\\/02\\\/IMG_1727.jpg\",\"datePublished\":\"2024-02-13T09:51:40+00:00\",\"dateModified\":\"2024-08-13T09:05:04+00:00\",\"description\":\"D\u00e9couvrez l'histoire de Condevaux TP, une entreprise familiale du Chablais. Depuis 1968, nous sommes d\u00e9vou\u00e9s \u00e0 offrir un service de qualit\u00e9 et une expertise locale in\u00e9gal\u00e9e. Apprenez \u00e0 conna\u00eetre notre \u00e9quipe passionn\u00e9e.\",\"breadcrumb\":{\"@id\":\"https:\\\/\\\/condevauxtp-perrignier.fr\\\/index.php\\\/a-propos\\\/#breadcrumb\"},\"inLanguage\":\"fr-FR\",\"potentialAction\":[{\"@type\":\"ReadAction\",\"target\":[\"https:\\\/\\\/condevauxtp-perrignier.fr\\\/index.php\\\/a-propos\\\/\"]}]},{\"@type\":\"ImageObject\",\"inLanguage\":\"fr-FR\",\"@id\":\"https:\\\/\\\/condevauxtp-perrignier.fr\\\/index.php\\\/a-propos\\\/#primaryimage\",\"url\":\"https:\\\/\\\/condevauxtp-perrignier.fr\\\/wp-content\\\/uploads\\\/2024\\\/02\\\/IMG_1727.jpg\",\"contentUrl\":\"https:\\\/\\\/condevauxtp-perrignier.fr\\\/wp-content\\\/uploads\\\/2024\\\/02\\\/IMG_1727.jpg\",\"width\":1024,\"height\":769},{\"@type\":\"BreadcrumbList\",\"@id\":\"https:\\\/\\\/condevauxtp-perrignier.fr\\\/index.php\\\/a-propos\\\/#breadcrumb\",\"itemListElement\":[{\"@type\":\"ListItem\",\"position\":1,\"name\":\"Accueil\",\"item\":\"https:\\\/\\\/condevauxtp-perrignier.fr\\\/\"},{\"@type\":\"ListItem\",\"position\":2,\"name\":\"\u00c0 propos\"}]},{\"@type\":\"WebSite\",\"@id\":\"https:\\\/\\\/condevauxtp-perrignier.fr\\\/#website\",\"url\":\"https:\\\/\\\/condevauxtp-perrignier.fr\\\/\",\"name\":\"Condevaux TP Perrignier\",\"description\":\"\",\"publisher\":{\"@id\":\"https:\\\/\\\/condevauxtp-perrignier.fr\\\/#organization\"},\"potentialAction\":[{\"@type\":\"SearchAction\",\"target\":{\"@type\":\"EntryPoint\",\"urlTemplate\":\"https:\\\/\\\/condevauxtp-perrignier.fr\\\/?s={search_term_string}\"},\"query-input\":{\"@type\":\"PropertyValueSpecification\",\"valueRequired\":true,\"valueName\":\"search_term_string\"}}],\"inLanguage\":\"fr-FR\"},{\"@type\":\"Organization\",\"@id\":\"https:\\\/\\\/condevauxtp-perrignier.fr\\\/#organization\",\"name\":\"Condevaux TP Perrignier\",\"url\":\"https:\\\/\\\/condevauxtp-perrignier.fr\\\/\",\"logo\":{\"@type\":\"ImageObject\",\"inLanguage\":\"fr-FR\",\"@id\":\"https:\\\/\\\/condevauxtp-perrignier.fr\\\/#\\\/schema\\\/logo\\\/image\\\/\",\"url\":\"https:\\\/\\\/condevauxtp-perrignier.fr\\\/wp-content\\\/uploads\\\/2024\\\/10\\\/Fichier-7.png\",\"contentUrl\":\"https:\\\/\\\/condevauxtp-perrignier.fr\\\/wp-content\\\/uploads\\\/2024\\\/10\\\/Fichier-7.png\",\"width\":506,\"height\":100,\"caption\":\"Condevaux TP Perrignier\"},\"image\":{\"@id\":\"https:\\\/\\\/condevauxtp-perrignier.fr\\\/#\\\/schema\\\/logo\\\/image\\\/\"}}]}<\/script>\n<!-- \/ Yoast SEO plugin. -->","yoast_head_json":{"title":"Condevaux TP | Entreprise Familiale dans le Chablais","description":"D\u00e9couvrez l'histoire de Condevaux TP, une entreprise familiale du Chablais. Depuis 1968, nous sommes d\u00e9vou\u00e9s \u00e0 offrir un service de qualit\u00e9 et une expertise locale in\u00e9gal\u00e9e. Apprenez \u00e0 conna\u00eetre notre \u00e9quipe passionn\u00e9e.","robots":{"index":"index","follow":"follow","max-snippet":"max-snippet:-1","max-image-preview":"max-image-preview:large","max-video-preview":"max-video-preview:-1"},"canonical":"https:\/\/condevauxtp-perrignier.fr\/index.php\/a-propos\/","og_locale":"fr_FR","og_type":"article","og_title":"Condevaux TP | Entreprise Familiale dans le Chablais","og_description":"D\u00e9couvrez l'histoire de Condevaux TP, une entreprise familiale du Chablais. Depuis 1968, nous sommes d\u00e9vou\u00e9s \u00e0 offrir un service de qualit\u00e9 et une expertise locale in\u00e9gal\u00e9e. Apprenez \u00e0 conna\u00eetre notre \u00e9quipe passionn\u00e9e.","og_url":"https:\/\/condevauxtp-perrignier.fr\/index.php\/a-propos\/","og_site_name":"Condevaux TP Perrignier","article_modified_time":"2024-08-13T09:05:04+00:00","og_image":[{"width":1024,"height":769,"url":"https:\/\/condevauxtp-perrignier.fr\/wp-content\/uploads\/2024\/02\/IMG_1727.jpg","type":"image\/jpeg"}],"twitter_card":"summary_large_image","twitter_misc":{"Dur\u00e9e de lecture estim\u00e9e":"3 minutes"},"schema":{"@context":"https:\/\/schema.org","@graph":[{"@type":"WebPage","@id":"https:\/\/condevauxtp-perrignier.fr\/index.php\/a-propos\/","url":"https:\/\/condevauxtp-perrignier.fr\/index.php\/a-propos\/","name":"Condevaux TP | Entreprise Familiale dans le Chablais","isPartOf":{"@id":"https:\/\/condevauxtp-perrignier.fr\/#website"},"primaryImageOfPage":{"@id":"https:\/\/condevauxtp-perrignier.fr\/index.php\/a-propos\/#primaryimage"},"image":{"@id":"https:\/\/condevauxtp-perrignier.fr\/index.php\/a-propos\/#primaryimage"},"thumbnailUrl":"https:\/\/condevauxtp-perrignier.fr\/wp-content\/uploads\/2024\/02\/IMG_1727.jpg","datePublished":"2024-02-13T09:51:40+00:00","dateModified":"2024-08-13T09:05:04+00:00","description":"D\u00e9couvrez l'histoire de Condevaux TP, une entreprise familiale du Chablais. Depuis 1968, nous sommes d\u00e9vou\u00e9s \u00e0 offrir un service de qualit\u00e9 et une expertise locale in\u00e9gal\u00e9e. Apprenez \u00e0 conna\u00eetre notre \u00e9quipe passionn\u00e9e.","breadcrumb":{"@id":"https:\/\/condevauxtp-perrignier.fr\/index.php\/a-propos\/#breadcrumb"},"inLanguage":"fr-FR","potentialAction":[{"@type":"ReadAction","target":["https:\/\/condevauxtp-perrignier.fr\/index.php\/a-propos\/"]}]},{"@type":"ImageObject","inLanguage":"fr-FR","@id":"https:\/\/condevauxtp-perrignier.fr\/index.php\/a-propos\/#primaryimage","url":"https:\/\/condevauxtp-perrignier.fr\/wp-content\/uploads\/2024\/02\/IMG_1727.jpg","contentUrl":"https:\/\/condevauxtp-perrignier.fr\/wp-content\/uploads\/2024\/02\/IMG_1727.jpg","width":1024,"height":769},{"@type":"BreadcrumbList","@id":"https:\/\/condevauxtp-perrignier.fr\/index.php\/a-propos\/#breadcrumb","itemListElement":[{"@type":"ListItem","position":1,"name":"Accueil","item":"https:\/\/condevauxtp-perrignier.fr\/"},{"@type":"ListItem","position":2,"name":"\u00c0 propos"}]},{"@type":"WebSite","@id":"https:\/\/condevauxtp-perrignier.fr\/#website","url":"https:\/\/condevauxtp-perrignier.fr\/","name":"Condevaux TP Perrignier","description":"","publisher":{"@id":"https:\/\/condevauxtp-perrignier.fr\/#organization"},"potentialAction":[{"@type":"SearchAction","target":{"@type":"EntryPoint","urlTemplate":"https:\/\/condevauxtp-perrignier.fr\/?s={search_term_string}"},"query-input":{"@type":"PropertyValueSpecification","valueRequired":true,"valueName":"search_term_string"}}],"inLanguage":"fr-FR"},{"@type":"Organization","@id":"https:\/\/condevauxtp-perrignier.fr\/#organization","name":"Condevaux TP Perrignier","url":"https:\/\/condevauxtp-perrignier.fr\/","logo":{"@type":"ImageObject","inLanguage":"fr-FR","@id":"https:\/\/condevauxtp-perrignier.fr\/#\/schema\/logo\/image\/","url":"https:\/\/condevauxtp-perrignier.fr\/wp-content\/uploads\/2024\/10\/Fichier-7.png","contentUrl":"https:\/\/condevauxtp-perrignier.fr\/wp-content\/uploads\/2024\/10\/Fichier-7.png","width":506,"height":100,"caption":"Condevaux TP Perrignier"},"image":{"@id":"https:\/\/condevauxtp-perrignier.fr\/#\/schema\/logo\/image\/"}}]}},"_links":{"self":[{"href":"https:\/\/condevauxtp-perrignier.fr\/index.php\/wp-json\/wp\/v2\/pages\/731","targetHints":{"allow":["GET"]}}],"collection":[{"href":"https:\/\/condevauxtp-perrignier.fr\/index.php\/wp-json\/wp\/v2\/pages"}],"about":[{"href":"https:\/\/condevauxtp-perrignier.fr\/index.php\/wp-json\/wp\/v2\/types\/page"}],"author":[{"embeddable":true,"href":"https:\/\/condevauxtp-perrignier.fr\/index.php\/wp-json\/wp\/v2\/users\/1"}],"replies":[{"embeddable":true,"href":"https:\/\/condevauxtp-perrignier.fr\/index.php\/wp-json\/wp\/v2\/comments?post=731"}],"version-history":[{"count":50,"href":"https:\/\/condevauxtp-perrignier.fr\/index.php\/wp-json\/wp\/v2\/pages\/731\/revisions"}],"predecessor-version":[{"id":1063,"href":"https:\/\/condevauxtp-perrignier.fr\/index.php\/wp-json\/wp\/v2\/pages\/731\/revisions\/1063"}],"wp:featuredmedia":[{"embeddable":true,"href":"https:\/\/condevauxtp-perrignier.fr\/index.php\/wp-json\/wp\/v2\/media\/817"}],"wp:attachment":[{"href":"https:\/\/condevauxtp-perrignier.fr\/index.php\/wp-json\/wp\/v2\/media?parent=731"}],"curies":[{"name":"wp","href":"https:\/\/api.w.org\/{rel}","templated":true}]}}